{"id":121,"date":"2026-01-05T03:56:36","date_gmt":"2026-01-05T03:56:36","guid":{"rendered":"https:\/\/cloudycake.site\/?post_type=product&#038;p=121"},"modified":"2026-01-05T04:18:11","modified_gmt":"2026-01-05T04:18:11","slug":"tiramisuke-socola","status":"publish","type":"product","link":"https:\/\/cloudycake.site\/index.php\/san-pham\/tiramisuke-socola\/","title":{"rendered":"Tiramisuke socola M1"},"content":{"rendered":"<p>Tiramisu l\u00e0\u00a0<mark class=\"HxTRcb\" data-processed=\"true\">m\u00f3n tr\u00e1ng mi\u1ec7ng kinh \u0111i\u1ec3n c\u1ee7a \u00dd, g\u1ed3m c\u00e1c l\u1edbp b\u00e1nh quy\u00a0<a class=\"GI370e\" href=\"https:\/\/www.google.com\/search?q=Savoiardi&amp;oq=tiramisu&amp;gs_lcrp=EgZjaHJvbWUyBggAEEUYOTIHCAEQABiABDIHCAIQABiABDIHCAMQABiABDIHCAQQABiABDIHCAUQABiABDIHCAYQABiABDIGCAcQRRg90gEINjI1MWowajeoAgiwAgHxBRK833gocLrR&amp;sourceid=chrome&amp;ie=UTF-8&amp;mstk=AUtExfBnlmcVbe_qVDUeCacSr7ie41Pe0ogCBStra0h46rbToY5PnppEf3bQ6pII8DY-coRKCQBEUvEABLkgBSyJf4d4YyulXc-AkbtTKUezp4yzsO-ZJN5hBkvdxyjTf2REHhGu21xtRg-Chnekj8Jgn9nob8NmtB5SgelcEbqH1MWemzUY9nPuyqQ4JiWP96H_5OXOtDXe6GqIeTtu-DhctJaBZZH7vc-hn2L5NSdyVVLQuji-ZD6Nk2F3TzOTcxq2huQ9z5c8cLfAEYt1PxfYdfQo&amp;csui=3&amp;ved=2ahUKEwj2u_mivvORAxUn1zgGHZe5C6IQgK4QegQIARAC\" data-wiz-uids=\"IVCdUe_c\" data-ved=\"2ahUKEwj2u_mivvORAxUn1zgGHZe5C6IQgK4QegQIARAC\" data-hveid=\"CAEQAg\" data-processed=\"true\">Savoiardi<\/a>\u00a0nh\u00fang c\u00e0 ph\u00ea xen k\u1ebd v\u1edbi kem ph\u00f4 mai\u00a0<a class=\"GI370e\" href=\"https:\/\/www.google.com\/search?q=mascarpone&amp;oq=tiramisu&amp;gs_lcrp=EgZjaHJvbWUyBggAEEUYOTIHCAEQABiABDIHCAIQABiABDIHCAMQABiABDIHCAQQABiABDIHCAUQABiABDIHCAYQABiABDIGCAcQRRg90gEINjI1MWowajeoAgiwAgHxBRK833gocLrR&amp;sourceid=chrome&amp;ie=UTF-8&amp;mstk=AUtExfBnlmcVbe_qVDUeCacSr7ie41Pe0ogCBStra0h46rbToY5PnppEf3bQ6pII8DY-coRKCQBEUvEABLkgBSyJf4d4YyulXc-AkbtTKUezp4yzsO-ZJN5hBkvdxyjTf2REHhGu21xtRg-Chnekj8Jgn9nob8NmtB5SgelcEbqH1MWemzUY9nPuyqQ4JiWP96H_5OXOtDXe6GqIeTtu-DhctJaBZZH7vc-hn2L5NSdyVVLQuji-ZD6Nk2F3TzOTcxq2huQ9z5c8cLfAEYt1PxfYdfQo&amp;csui=3&amp;ved=2ahUKEwj2u_mivvORAxUn1zgGHZe5C6IQgK4QegQIARAD\" data-wiz-uids=\"IVCdUe_d\" data-ved=\"2ahUKEwj2u_mivvORAxUn1zgGHZe5C6IQgK4QegQIARAD\" data-hveid=\"CAEQAw\" data-processed=\"true\">mascarpone<\/a>, tr\u1ee9ng, \u0111\u01b0\u1eddng, ph\u1ee7 b\u1ed9t\u00a0<a class=\"GI370e\" href=\"https:\/\/www.google.com\/search?q=cacao&amp;oq=tiramisu&amp;gs_lcrp=EgZjaHJvbWUyBggAEEUYOTIHCAEQABiABDIHCAIQABiABDIHCAMQABiABDIHCAQQABiABDIHCAUQABiABDIHCAYQABiABDIGCAcQRRg90gEINjI1MWowajeoAgiwAgHxBRK833gocLrR&amp;sourceid=chrome&amp;ie=UTF-8&amp;mstk=AUtExfBnlmcVbe_qVDUeCacSr7ie41Pe0ogCBStra0h46rbToY5PnppEf3bQ6pII8DY-coRKCQBEUvEABLkgBSyJf4d4YyulXc-AkbtTKUezp4yzsO-ZJN5hBkvdxyjTf2REHhGu21xtRg-Chnekj8Jgn9nob8NmtB5SgelcEbqH1MWemzUY9nPuyqQ4JiWP96H_5OXOtDXe6GqIeTtu-DhctJaBZZH7vc-hn2L5NSdyVVLQuji-ZD6Nk2F3TzOTcxq2huQ9z5c8cLfAEYt1PxfYdfQo&amp;csui=3&amp;ved=2ahUKEwj2u_mivvORAxUn1zgGHZe5C6IQgK4QegQIARAE\" data-wiz-uids=\"IVCdUe_e\" data-ved=\"2ahUKEwj2u_mivvORAxUn1zgGHZe5C6IQgK4QegQIARAE\" data-hveid=\"CAEQBA\" data-processed=\"true\">cacao<\/a>\u00a0\u0111\u1eafng, mang h\u01b0\u01a1ng v\u1ecb ng\u1ecdt thanh, b\u00e9o ng\u1eady, th\u01a1m n\u1ed3ng c\u00e0 ph\u00ea v\u00e0 r\u01b0\u1ee3u rum, c\u00f3 \u00fd ngh\u0129a &#8220;h\u00e3y k\u00e9o t\u00f4i l\u00ean&#8221; hay &#8220;l\u00e0m t\u00f4i h\u1ea1nh ph\u00fac&#8221;. M\u00f3n b\u00e1nh n\u00e0y c\u00f3 nhi\u1ec1u bi\u1ebfn t\u1ea5u hi\u1ec7n \u0111\u1ea1i nh\u01b0ng v\u1eabn gi\u1eef c\u1ed1t l\u00f5i h\u01b0\u01a1ng v\u1ecb \u00dd \u0111\u1ed9c \u0111\u00e1o, th\u01b0\u1eddng \u0111\u01b0\u1ee3c d\u00f9ng l\u1ea1nh<\/mark><\/p>\n","protected":false},"excerpt":{"rendered":"<p>Tiramisu l\u00e0\u00a0m\u00f3n tr\u00e1ng mi\u1ec7ng kinh \u0111i\u1ec3n c\u1ee7a \u00dd, g\u1ed3m c\u00e1c l\u1edbp b\u00e1nh quy\u00a0Savoiardi\u00a0nh\u00fang c\u00e0 ph\u00ea xen k\u1ebd v\u1edbi kem ph\u00f4 mai\u00a0mascarpone, tr\u1ee9ng, \u0111\u01b0\u1eddng, ph\u1ee7 b\u1ed9t\u00a0cacao\u00a0\u0111\u1eafng, mang h\u01b0\u01a1ng v\u1ecb ng\u1ecdt thanh, b\u00e9o ng\u1eady, th\u01a1m n\u1ed3ng c\u00e0 ph\u00ea v\u00e0 r\u01b0\u1ee3u rum, c\u00f3 \u00fd ngh\u0129a &#8220;h\u00e3y k\u00e9o t\u00f4i l\u00ean&#8221; hay &#8220;l\u00e0m t\u00f4i h\u1ea1nh ph\u00fac&#8221;. M\u00f3n b\u00e1nh n\u00e0y c\u00f3 [&hellip;]<\/p>\n","protected":false},"featured_media":125,"comment_status":"open","ping_status":"closed","template":"","meta":[],"product_brand":[],"product_cat":[18],"product_tag":[],"class_list":{"0":"post-121","1":"product","2":"type-product","3":"status-publish","4":"has-post-thumbnail","6":"product_cat-chua-phan-loai","8":"first","9":"instock","10":"sale","11":"shipping-taxable","12":"purchasable","13":"product-type-simple"},"yoast_head":"<!-- This site is optimized with the Yoast SEO plugin v26.8 - https:\/\/yoast.com\/product\/yoast-seo-wordpress\/ -->\n<title>Tiramisuke socola M1 - Cloudy Cake<\/title>\n<meta name=\"robots\" content=\"index, follow, max-snippet:-1, max-image-preview:large, max-video-preview:-1\" \/>\n<link rel=\"canonical\" href=\"https:\/\/cloudycake.site\/index.php\/san-pham\/tiramisuke-socola\/\" \/>\n<meta property=\"og:locale\" content=\"vi_VN\" \/>\n<meta property=\"og:type\" content=\"article\" \/>\n<meta property=\"og:title\" content=\"Tiramisuke socola M1 - Cloudy Cake\" \/>\n<meta property=\"og:description\" content=\"Tiramisu l\u00e0\u00a0m\u00f3n tr\u00e1ng mi\u1ec7ng kinh \u0111i\u1ec3n c\u1ee7a \u00dd, g\u1ed3m c\u00e1c l\u1edbp b\u00e1nh quy\u00a0Savoiardi\u00a0nh\u00fang c\u00e0 ph\u00ea xen k\u1ebd v\u1edbi kem ph\u00f4 mai\u00a0mascarpone, tr\u1ee9ng, \u0111\u01b0\u1eddng, ph\u1ee7 b\u1ed9t\u00a0cacao\u00a0\u0111\u1eafng, mang h\u01b0\u01a1ng v\u1ecb ng\u1ecdt thanh, b\u00e9o ng\u1eady, th\u01a1m n\u1ed3ng c\u00e0 ph\u00ea v\u00e0 r\u01b0\u1ee3u rum, c\u00f3 \u00fd ngh\u0129a &#8220;h\u00e3y k\u00e9o t\u00f4i l\u00ean&#8221; hay &#8220;l\u00e0m t\u00f4i h\u1ea1nh ph\u00fac&#8221;. M\u00f3n b\u00e1nh n\u00e0y c\u00f3 [&hellip;]\" \/>\n<meta property=\"og:url\" content=\"https:\/\/cloudycake.site\/index.php\/san-pham\/tiramisuke-socola\/\" \/>\n<meta property=\"og:site_name\" content=\"Cloudy Cake\" \/>\n<meta property=\"article:publisher\" content=\"https:\/\/www.facebook.com\/share\/1CxjwCutvH\/?mibextid=wwXIfr\" \/>\n<meta property=\"article:modified_time\" content=\"2026-01-05T04:18:11+00:00\" \/>\n<meta property=\"og:image\" content=\"https:\/\/cloudycake.site\/wp-content\/uploads\/2026\/01\/tira-1.jpg\" \/>\n\t<meta property=\"og:image:width\" content=\"1024\" \/>\n\t<meta property=\"og:image:height\" content=\"1024\" \/>\n\t<meta property=\"og:image:type\" content=\"image\/jpeg\" \/>\n<meta name=\"twitter:card\" content=\"summary_large_image\" \/>\n<meta name=\"twitter:label1\" content=\"\u01af\u1edbc t\u00ednh th\u1eddi gian \u0111\u1ecdc\" \/>\n\t<meta name=\"twitter:data1\" content=\"1 ph\u00fat\" \/>\n<script type=\"application\/ld+json\" class=\"yoast-schema-graph\">{\"@context\":\"https:\/\/schema.org\",\"@graph\":[{\"@type\":\"WebPage\",\"@id\":\"https:\/\/cloudycake.site\/index.php\/san-pham\/tiramisuke-socola\/\",\"url\":\"https:\/\/cloudycake.site\/index.php\/san-pham\/tiramisuke-socola\/\",\"name\":\"Tiramisuke socola M1 - Cloudy Cake\",\"isPartOf\":{\"@id\":\"https:\/\/cloudycake.site\/#website\"},\"primaryImageOfPage\":{\"@id\":\"https:\/\/cloudycake.site\/index.php\/san-pham\/tiramisuke-socola\/#primaryimage\"},\"image\":{\"@id\":\"https:\/\/cloudycake.site\/index.php\/san-pham\/tiramisuke-socola\/#primaryimage\"},\"thumbnailUrl\":\"https:\/\/cloudycake.site\/wp-content\/uploads\/2026\/01\/tira-1.jpg\",\"datePublished\":\"2026-01-05T03:56:36+00:00\",\"dateModified\":\"2026-01-05T04:18:11+00:00\",\"breadcrumb\":{\"@id\":\"https:\/\/cloudycake.site\/index.php\/san-pham\/tiramisuke-socola\/#breadcrumb\"},\"inLanguage\":\"vi\",\"potentialAction\":[{\"@type\":\"ReadAction\",\"target\":[\"https:\/\/cloudycake.site\/index.php\/san-pham\/tiramisuke-socola\/\"]}]},{\"@type\":\"ImageObject\",\"inLanguage\":\"vi\",\"@id\":\"https:\/\/cloudycake.site\/index.php\/san-pham\/tiramisuke-socola\/#primaryimage\",\"url\":\"https:\/\/cloudycake.site\/wp-content\/uploads\/2026\/01\/tira-1.jpg\",\"contentUrl\":\"https:\/\/cloudycake.site\/wp-content\/uploads\/2026\/01\/tira-1.jpg\",\"width\":1024,\"height\":1024},{\"@type\":\"BreadcrumbList\",\"@id\":\"https:\/\/cloudycake.site\/index.php\/san-pham\/tiramisuke-socola\/#breadcrumb\",\"itemListElement\":[{\"@type\":\"ListItem\",\"position\":1,\"name\":\"Trang ch\u1ee7\",\"item\":\"https:\/\/cloudycake.site\/\"},{\"@type\":\"ListItem\",\"position\":2,\"name\":\"C\u1eeda h\u00e0ng cloudy cake\",\"item\":\"https:\/\/cloudycake.site\/\"},{\"@type\":\"ListItem\",\"position\":3,\"name\":\"Tiramisuke socola M1\"}]},{\"@type\":\"WebSite\",\"@id\":\"https:\/\/cloudycake.site\/#website\",\"url\":\"https:\/\/cloudycake.site\/\",\"name\":\"Cloudy Cake\",\"description\":\"\",\"publisher\":{\"@id\":\"https:\/\/cloudycake.site\/#organization\"},\"potentialAction\":[{\"@type\":\"SearchAction\",\"target\":{\"@type\":\"EntryPoint\",\"urlTemplate\":\"https:\/\/cloudycake.site\/?s={search_term_string}\"},\"query-input\":{\"@type\":\"PropertyValueSpecification\",\"valueRequired\":true,\"valueName\":\"search_term_string\"}}],\"inLanguage\":\"vi\"},{\"@type\":\"Organization\",\"@id\":\"https:\/\/cloudycake.site\/#organization\",\"name\":\"Cloudy Cake\",\"url\":\"https:\/\/cloudycake.site\/\",\"logo\":{\"@type\":\"ImageObject\",\"inLanguage\":\"vi\",\"@id\":\"https:\/\/cloudycake.site\/#\/schema\/logo\/image\/\",\"url\":\"https:\/\/cloudycake.site\/wp-content\/uploads\/2026\/01\/cropped-logo.png\",\"contentUrl\":\"https:\/\/cloudycake.site\/wp-content\/uploads\/2026\/01\/cropped-logo.png\",\"width\":222,\"height\":200,\"caption\":\"Cloudy Cake\"},\"image\":{\"@id\":\"https:\/\/cloudycake.site\/#\/schema\/logo\/image\/\"},\"sameAs\":[\"https:\/\/www.facebook.com\/share\/1CxjwCutvH\/?mibextid=wwXIfr\"]}]}<\/script>\n<!-- \/ Yoast SEO plugin. -->","yoast_head_json":{"title":"Tiramisuke socola M1 - Cloudy Cake","robots":{"index":"index","follow":"follow","max-snippet":"max-snippet:-1","max-image-preview":"max-image-preview:large","max-video-preview":"max-video-preview:-1"},"canonical":"https:\/\/cloudycake.site\/index.php\/san-pham\/tiramisuke-socola\/","og_locale":"vi_VN","og_type":"article","og_title":"Tiramisuke socola M1 - Cloudy Cake","og_description":"Tiramisu l\u00e0\u00a0m\u00f3n tr\u00e1ng mi\u1ec7ng kinh \u0111i\u1ec3n c\u1ee7a \u00dd, g\u1ed3m c\u00e1c l\u1edbp b\u00e1nh quy\u00a0Savoiardi\u00a0nh\u00fang c\u00e0 ph\u00ea xen k\u1ebd v\u1edbi kem ph\u00f4 mai\u00a0mascarpone, tr\u1ee9ng, \u0111\u01b0\u1eddng, ph\u1ee7 b\u1ed9t\u00a0cacao\u00a0\u0111\u1eafng, mang h\u01b0\u01a1ng v\u1ecb ng\u1ecdt thanh, b\u00e9o ng\u1eady, th\u01a1m n\u1ed3ng c\u00e0 ph\u00ea v\u00e0 r\u01b0\u1ee3u rum, c\u00f3 \u00fd ngh\u0129a &#8220;h\u00e3y k\u00e9o t\u00f4i l\u00ean&#8221; hay &#8220;l\u00e0m t\u00f4i h\u1ea1nh ph\u00fac&#8221;. M\u00f3n b\u00e1nh n\u00e0y c\u00f3 [&hellip;]","og_url":"https:\/\/cloudycake.site\/index.php\/san-pham\/tiramisuke-socola\/","og_site_name":"Cloudy Cake","article_publisher":"https:\/\/www.facebook.com\/share\/1CxjwCutvH\/?mibextid=wwXIfr","article_modified_time":"2026-01-05T04:18:11+00:00","og_image":[{"width":1024,"height":1024,"url":"https:\/\/cloudycake.site\/wp-content\/uploads\/2026\/01\/tira-1.jpg","type":"image\/jpeg"}],"twitter_card":"summary_large_image","twitter_misc":{"\u01af\u1edbc t\u00ednh th\u1eddi gian \u0111\u1ecdc":"1 ph\u00fat"},"schema":{"@context":"https:\/\/schema.org","@graph":[{"@type":"WebPage","@id":"https:\/\/cloudycake.site\/index.php\/san-pham\/tiramisuke-socola\/","url":"https:\/\/cloudycake.site\/index.php\/san-pham\/tiramisuke-socola\/","name":"Tiramisuke socola M1 - Cloudy Cake","isPartOf":{"@id":"https:\/\/cloudycake.site\/#website"},"primaryImageOfPage":{"@id":"https:\/\/cloudycake.site\/index.php\/san-pham\/tiramisuke-socola\/#primaryimage"},"image":{"@id":"https:\/\/cloudycake.site\/index.php\/san-pham\/tiramisuke-socola\/#primaryimage"},"thumbnailUrl":"https:\/\/cloudycake.site\/wp-content\/uploads\/2026\/01\/tira-1.jpg","datePublished":"2026-01-05T03:56:36+00:00","dateModified":"2026-01-05T04:18:11+00:00","breadcrumb":{"@id":"https:\/\/cloudycake.site\/index.php\/san-pham\/tiramisuke-socola\/#breadcrumb"},"inLanguage":"vi","potentialAction":[{"@type":"ReadAction","target":["https:\/\/cloudycake.site\/index.php\/san-pham\/tiramisuke-socola\/"]}]},{"@type":"ImageObject","inLanguage":"vi","@id":"https:\/\/cloudycake.site\/index.php\/san-pham\/tiramisuke-socola\/#primaryimage","url":"https:\/\/cloudycake.site\/wp-content\/uploads\/2026\/01\/tira-1.jpg","contentUrl":"https:\/\/cloudycake.site\/wp-content\/uploads\/2026\/01\/tira-1.jpg","width":1024,"height":1024},{"@type":"BreadcrumbList","@id":"https:\/\/cloudycake.site\/index.php\/san-pham\/tiramisuke-socola\/#breadcrumb","itemListElement":[{"@type":"ListItem","position":1,"name":"Trang ch\u1ee7","item":"https:\/\/cloudycake.site\/"},{"@type":"ListItem","position":2,"name":"C\u1eeda h\u00e0ng cloudy cake","item":"https:\/\/cloudycake.site\/"},{"@type":"ListItem","position":3,"name":"Tiramisuke socola M1"}]},{"@type":"WebSite","@id":"https:\/\/cloudycake.site\/#website","url":"https:\/\/cloudycake.site\/","name":"Cloudy Cake","description":"","publisher":{"@id":"https:\/\/cloudycake.site\/#organization"},"potentialAction":[{"@type":"SearchAction","target":{"@type":"EntryPoint","urlTemplate":"https:\/\/cloudycake.site\/?s={search_term_string}"},"query-input":{"@type":"PropertyValueSpecification","valueRequired":true,"valueName":"search_term_string"}}],"inLanguage":"vi"},{"@type":"Organization","@id":"https:\/\/cloudycake.site\/#organization","name":"Cloudy Cake","url":"https:\/\/cloudycake.site\/","logo":{"@type":"ImageObject","inLanguage":"vi","@id":"https:\/\/cloudycake.site\/#\/schema\/logo\/image\/","url":"https:\/\/cloudycake.site\/wp-content\/uploads\/2026\/01\/cropped-logo.png","contentUrl":"https:\/\/cloudycake.site\/wp-content\/uploads\/2026\/01\/cropped-logo.png","width":222,"height":200,"caption":"Cloudy Cake"},"image":{"@id":"https:\/\/cloudycake.site\/#\/schema\/logo\/image\/"},"sameAs":["https:\/\/www.facebook.com\/share\/1CxjwCutvH\/?mibextid=wwXIfr"]}]}},"jetpack_sharing_enabled":true,"_links":{"self":[{"href":"https:\/\/cloudycake.site\/index.php\/wp-json\/wp\/v2\/product\/121","targetHints":{"allow":["GET"]}}],"collection":[{"href":"https:\/\/cloudycake.site\/index.php\/wp-json\/wp\/v2\/product"}],"about":[{"href":"https:\/\/cloudycake.site\/index.php\/wp-json\/wp\/v2\/types\/product"}],"replies":[{"embeddable":true,"href":"https:\/\/cloudycake.site\/index.php\/wp-json\/wp\/v2\/comments?post=121"}],"wp:featuredmedia":[{"embeddable":true,"href":"https:\/\/cloudycake.site\/index.php\/wp-json\/wp\/v2\/media\/125"}],"wp:attachment":[{"href":"https:\/\/cloudycake.site\/index.php\/wp-json\/wp\/v2\/media?parent=121"}],"wp:term":[{"taxonomy":"product_brand","embeddable":true,"href":"https:\/\/cloudycake.site\/index.php\/wp-json\/wp\/v2\/product_brand?post=121"},{"taxonomy":"product_cat","embeddable":true,"href":"https:\/\/cloudycake.site\/index.php\/wp-json\/wp\/v2\/product_cat?post=121"},{"taxonomy":"product_tag","embeddable":true,"href":"https:\/\/cloudycake.site\/index.php\/wp-json\/wp\/v2\/product_tag?post=121"}],"curies":[{"name":"wp","href":"https:\/\/api.w.org\/{rel}","templated":true}]}}