{"id":157,"date":"2026-01-07T04:25:20","date_gmt":"2026-01-07T04:25:20","guid":{"rendered":"https:\/\/cloudycake.site\/?post_type=product&#038;p=157"},"modified":"2026-01-07T04:26:28","modified_gmt":"2026-01-07T04:26:28","slug":"banh-ca-han-quoc","status":"publish","type":"product","link":"https:\/\/cloudycake.site\/index.php\/san-pham\/banh-ca-han-quoc\/","title":{"rendered":"b\u00e1nh c\u00e1 h\u00e0n qu\u1ed1c"},"content":{"rendered":"<p data-start=\"0\" data-end=\"115\"><strong data-start=\"0\" data-end=\"20\">B\u00e1nh c\u00e1 H\u00e0n Qu\u1ed1c<\/strong> (Bungeoppang) l\u00e0 m\u00f3n b\u00e1nh \u0111\u01b0\u1eddng ph\u1ed1 n\u1ed5i ti\u1ebfng, \u0111\u1eb7c bi\u1ec7t \u0111\u01b0\u1ee3c y\u00eau th\u00edch v\u00e0o nh\u1eefng ng\u00e0y se l\u1ea1nh.<\/p>\n<p data-start=\"117\" data-end=\"385\">B\u00e1nh c\u00f3 h\u00ecnh <strong data-start=\"130\" data-end=\"149\">ch\u00fa c\u00e1 v\u00e0ng \u01b0\u01a1m<\/strong>, l\u1edbp v\u1ecf b\u00ean ngo\u00e0i <strong data-start=\"168\" data-end=\"180\">gi\u00f2n nh\u1eb9<\/strong>, b\u00ean trong <strong data-start=\"192\" data-end=\"203\">m\u1ec1m x\u1ed1p<\/strong>, th\u01a1m m\u00f9i b\u1ed9t n\u01b0\u1edbng. Nh\u00e2n b\u00e1nh truy\u1ec1n th\u1ed1ng l\u00e0 <strong data-start=\"251\" data-end=\"270\">\u0111\u1eadu \u0111\u1ecf ng\u1ecdt b\u00f9i<\/strong>, ngo\u00e0i ra c\u00f2n c\u00f3 c\u00e1c phi\u00ean b\u1ea3n hi\u1ec7n \u0111\u1ea1i nh\u01b0 <strong data-start=\"315\" data-end=\"346\">custard, ph\u00f4 mai, chocolate<\/strong>, mang \u0111\u1ebfn h\u01b0\u01a1ng v\u1ecb \u0111a d\u1ea1ng v\u00e0 h\u1ea5p d\u1eabn.<\/p>\n<p data-start=\"387\" data-end=\"598\">Khi th\u01b0\u1edfng th\u1ee9c l\u00fac c\u00f2n n\u00f3ng, b\u1ea1n s\u1ebd c\u1ea3m nh\u1eadn r\u00f5 s\u1ef1 h\u00f2a quy\u1ec7n gi\u1eefa <strong data-start=\"454\" data-end=\"492\">v\u1ecf b\u00e1nh th\u01a1m gi\u00f2n v\u00e0 nh\u00e2n ng\u1ecdt m\u1ec1m<\/strong>, t\u1ea1o c\u1ea3m gi\u00e1c \u1ea5m \u00e1p, d\u1ec5 ch\u1ecbu. B\u00e1nh c\u00e1 H\u00e0n Qu\u1ed1c th\u01b0\u1eddng \u0111\u01b0\u1ee3c b\u00e1n theo c\u1eb7p, ti\u1ec7n l\u1ee3i \u0111\u1ec3 \u0103n v\u1eb7t ho\u1eb7c chia s\u1ebb.<\/p>\n<p data-start=\"600\" data-end=\"761\" data-is-last-node=\"\" data-is-only-node=\"\">V\u1edbi h\u00ecnh d\u00e1ng d\u1ec5 th\u01b0\u01a1ng v\u00e0 h\u01b0\u01a1ng v\u1ecb g\u1ea7n g\u0169i, b\u00e1nh c\u00e1 H\u00e0n Qu\u1ed1c r\u1ea5t ph\u00f9 h\u1ee3p l\u00e0m <strong data-start=\"678\" data-end=\"703\">m\u00f3n \u0103n v\u1eb7t, qu\u00e0 chi\u1ec1u<\/strong> ho\u1eb7c kinh doanh trong c\u00e1c xe b\u00e1nh, qu\u1ea7y \u0111\u1ed3 \u0103n nhanh. \ud83d\udc1f\ud83e\udd6e<\/p>\n","protected":false},"excerpt":{"rendered":"<p>B\u00e1nh c\u00e1 H\u00e0n Qu\u1ed1c (Bungeoppang) l\u00e0 m\u00f3n b\u00e1nh \u0111\u01b0\u1eddng ph\u1ed1 n\u1ed5i ti\u1ebfng, \u0111\u1eb7c bi\u1ec7t \u0111\u01b0\u1ee3c y\u00eau th\u00edch v\u00e0o nh\u1eefng ng\u00e0y se l\u1ea1nh. B\u00e1nh c\u00f3 h\u00ecnh ch\u00fa c\u00e1 v\u00e0ng \u01b0\u01a1m, l\u1edbp v\u1ecf b\u00ean ngo\u00e0i gi\u00f2n nh\u1eb9, b\u00ean trong m\u1ec1m x\u1ed1p, th\u01a1m m\u00f9i b\u1ed9t n\u01b0\u1edbng. Nh\u00e2n b\u00e1nh truy\u1ec1n th\u1ed1ng l\u00e0 \u0111\u1eadu \u0111\u1ecf ng\u1ecdt b\u00f9i, ngo\u00e0i ra c\u00f2n [&hellip;]<\/p>\n","protected":false},"featured_media":158,"comment_status":"open","ping_status":"closed","template":"","meta":[],"product_brand":[],"product_cat":[18],"product_tag":[],"class_list":{"0":"post-157","1":"product","2":"type-product","3":"status-publish","4":"has-post-thumbnail","6":"product_cat-chua-phan-loai","8":"first","9":"instock","10":"sale","11":"shipping-taxable","12":"purchasable","13":"product-type-simple"},"yoast_head":"<!-- This site is optimized with the Yoast SEO plugin v26.8 - https:\/\/yoast.com\/product\/yoast-seo-wordpress\/ -->\n<title>b\u00e1nh c\u00e1 h\u00e0n qu\u1ed1c - Cloudy Cake<\/title>\n<meta name=\"robots\" content=\"index, follow, max-snippet:-1, max-image-preview:large, max-video-preview:-1\" \/>\n<link rel=\"canonical\" href=\"https:\/\/cloudycake.site\/index.php\/san-pham\/banh-ca-han-quoc\/\" \/>\n<meta property=\"og:locale\" content=\"vi_VN\" \/>\n<meta property=\"og:type\" content=\"article\" \/>\n<meta property=\"og:title\" content=\"b\u00e1nh c\u00e1 h\u00e0n qu\u1ed1c - Cloudy Cake\" \/>\n<meta property=\"og:description\" content=\"B\u00e1nh c\u00e1 H\u00e0n Qu\u1ed1c (Bungeoppang) l\u00e0 m\u00f3n b\u00e1nh \u0111\u01b0\u1eddng ph\u1ed1 n\u1ed5i ti\u1ebfng, \u0111\u1eb7c bi\u1ec7t \u0111\u01b0\u1ee3c y\u00eau th\u00edch v\u00e0o nh\u1eefng ng\u00e0y se l\u1ea1nh. B\u00e1nh c\u00f3 h\u00ecnh ch\u00fa c\u00e1 v\u00e0ng \u01b0\u01a1m, l\u1edbp v\u1ecf b\u00ean ngo\u00e0i gi\u00f2n nh\u1eb9, b\u00ean trong m\u1ec1m x\u1ed1p, th\u01a1m m\u00f9i b\u1ed9t n\u01b0\u1edbng. Nh\u00e2n b\u00e1nh truy\u1ec1n th\u1ed1ng l\u00e0 \u0111\u1eadu \u0111\u1ecf ng\u1ecdt b\u00f9i, ngo\u00e0i ra c\u00f2n [&hellip;]\" \/>\n<meta property=\"og:url\" content=\"https:\/\/cloudycake.site\/index.php\/san-pham\/banh-ca-han-quoc\/\" \/>\n<meta property=\"og:site_name\" content=\"Cloudy Cake\" \/>\n<meta property=\"article:publisher\" content=\"https:\/\/www.facebook.com\/share\/1CxjwCutvH\/?mibextid=wwXIfr\" \/>\n<meta property=\"article:modified_time\" content=\"2026-01-07T04:26:28+00:00\" \/>\n<meta property=\"og:image\" content=\"https:\/\/cloudycake.site\/wp-content\/uploads\/2026\/01\/9.jpg\" \/>\n\t<meta property=\"og:image:width\" content=\"1024\" \/>\n\t<meta property=\"og:image:height\" content=\"1024\" \/>\n\t<meta property=\"og:image:type\" content=\"image\/jpeg\" \/>\n<meta name=\"twitter:card\" content=\"summary_large_image\" \/>\n<meta name=\"twitter:label1\" content=\"\u01af\u1edbc t\u00ednh th\u1eddi gian \u0111\u1ecdc\" \/>\n\t<meta name=\"twitter:data1\" content=\"1 ph\u00fat\" \/>\n<script type=\"application\/ld+json\" class=\"yoast-schema-graph\">{\"@context\":\"https:\/\/schema.org\",\"@graph\":[{\"@type\":\"WebPage\",\"@id\":\"https:\/\/cloudycake.site\/index.php\/san-pham\/banh-ca-han-quoc\/\",\"url\":\"https:\/\/cloudycake.site\/index.php\/san-pham\/banh-ca-han-quoc\/\",\"name\":\"b\u00e1nh c\u00e1 h\u00e0n qu\u1ed1c - Cloudy Cake\",\"isPartOf\":{\"@id\":\"https:\/\/cloudycake.site\/#website\"},\"primaryImageOfPage\":{\"@id\":\"https:\/\/cloudycake.site\/index.php\/san-pham\/banh-ca-han-quoc\/#primaryimage\"},\"image\":{\"@id\":\"https:\/\/cloudycake.site\/index.php\/san-pham\/banh-ca-han-quoc\/#primaryimage\"},\"thumbnailUrl\":\"https:\/\/cloudycake.site\/wp-content\/uploads\/2026\/01\/9.jpg\",\"datePublished\":\"2026-01-07T04:25:20+00:00\",\"dateModified\":\"2026-01-07T04:26:28+00:00\",\"breadcrumb\":{\"@id\":\"https:\/\/cloudycake.site\/index.php\/san-pham\/banh-ca-han-quoc\/#breadcrumb\"},\"inLanguage\":\"vi\",\"potentialAction\":[{\"@type\":\"ReadAction\",\"target\":[\"https:\/\/cloudycake.site\/index.php\/san-pham\/banh-ca-han-quoc\/\"]}]},{\"@type\":\"ImageObject\",\"inLanguage\":\"vi\",\"@id\":\"https:\/\/cloudycake.site\/index.php\/san-pham\/banh-ca-han-quoc\/#primaryimage\",\"url\":\"https:\/\/cloudycake.site\/wp-content\/uploads\/2026\/01\/9.jpg\",\"contentUrl\":\"https:\/\/cloudycake.site\/wp-content\/uploads\/2026\/01\/9.jpg\",\"width\":1024,\"height\":1024},{\"@type\":\"BreadcrumbList\",\"@id\":\"https:\/\/cloudycake.site\/index.php\/san-pham\/banh-ca-han-quoc\/#breadcrumb\",\"itemListElement\":[{\"@type\":\"ListItem\",\"position\":1,\"name\":\"Trang ch\u1ee7\",\"item\":\"https:\/\/cloudycake.site\/\"},{\"@type\":\"ListItem\",\"position\":2,\"name\":\"C\u1eeda h\u00e0ng cloudy cake\",\"item\":\"https:\/\/cloudycake.site\/\"},{\"@type\":\"ListItem\",\"position\":3,\"name\":\"b\u00e1nh c\u00e1 h\u00e0n qu\u1ed1c\"}]},{\"@type\":\"WebSite\",\"@id\":\"https:\/\/cloudycake.site\/#website\",\"url\":\"https:\/\/cloudycake.site\/\",\"name\":\"Cloudy Cake\",\"description\":\"\",\"publisher\":{\"@id\":\"https:\/\/cloudycake.site\/#organization\"},\"potentialAction\":[{\"@type\":\"SearchAction\",\"target\":{\"@type\":\"EntryPoint\",\"urlTemplate\":\"https:\/\/cloudycake.site\/?s={search_term_string}\"},\"query-input\":{\"@type\":\"PropertyValueSpecification\",\"valueRequired\":true,\"valueName\":\"search_term_string\"}}],\"inLanguage\":\"vi\"},{\"@type\":\"Organization\",\"@id\":\"https:\/\/cloudycake.site\/#organization\",\"name\":\"Cloudy Cake\",\"url\":\"https:\/\/cloudycake.site\/\",\"logo\":{\"@type\":\"ImageObject\",\"inLanguage\":\"vi\",\"@id\":\"https:\/\/cloudycake.site\/#\/schema\/logo\/image\/\",\"url\":\"https:\/\/cloudycake.site\/wp-content\/uploads\/2026\/01\/cropped-logo.png\",\"contentUrl\":\"https:\/\/cloudycake.site\/wp-content\/uploads\/2026\/01\/cropped-logo.png\",\"width\":222,\"height\":200,\"caption\":\"Cloudy Cake\"},\"image\":{\"@id\":\"https:\/\/cloudycake.site\/#\/schema\/logo\/image\/\"},\"sameAs\":[\"https:\/\/www.facebook.com\/share\/1CxjwCutvH\/?mibextid=wwXIfr\"]}]}<\/script>\n<!-- \/ Yoast SEO plugin. -->","yoast_head_json":{"title":"b\u00e1nh c\u00e1 h\u00e0n qu\u1ed1c - Cloudy Cake","robots":{"index":"index","follow":"follow","max-snippet":"max-snippet:-1","max-image-preview":"max-image-preview:large","max-video-preview":"max-video-preview:-1"},"canonical":"https:\/\/cloudycake.site\/index.php\/san-pham\/banh-ca-han-quoc\/","og_locale":"vi_VN","og_type":"article","og_title":"b\u00e1nh c\u00e1 h\u00e0n qu\u1ed1c - Cloudy Cake","og_description":"B\u00e1nh c\u00e1 H\u00e0n Qu\u1ed1c (Bungeoppang) l\u00e0 m\u00f3n b\u00e1nh \u0111\u01b0\u1eddng ph\u1ed1 n\u1ed5i ti\u1ebfng, \u0111\u1eb7c bi\u1ec7t \u0111\u01b0\u1ee3c y\u00eau th\u00edch v\u00e0o nh\u1eefng ng\u00e0y se l\u1ea1nh. B\u00e1nh c\u00f3 h\u00ecnh ch\u00fa c\u00e1 v\u00e0ng \u01b0\u01a1m, l\u1edbp v\u1ecf b\u00ean ngo\u00e0i gi\u00f2n nh\u1eb9, b\u00ean trong m\u1ec1m x\u1ed1p, th\u01a1m m\u00f9i b\u1ed9t n\u01b0\u1edbng. Nh\u00e2n b\u00e1nh truy\u1ec1n th\u1ed1ng l\u00e0 \u0111\u1eadu \u0111\u1ecf ng\u1ecdt b\u00f9i, ngo\u00e0i ra c\u00f2n [&hellip;]","og_url":"https:\/\/cloudycake.site\/index.php\/san-pham\/banh-ca-han-quoc\/","og_site_name":"Cloudy Cake","article_publisher":"https:\/\/www.facebook.com\/share\/1CxjwCutvH\/?mibextid=wwXIfr","article_modified_time":"2026-01-07T04:26:28+00:00","og_image":[{"width":1024,"height":1024,"url":"https:\/\/cloudycake.site\/wp-content\/uploads\/2026\/01\/9.jpg","type":"image\/jpeg"}],"twitter_card":"summary_large_image","twitter_misc":{"\u01af\u1edbc t\u00ednh th\u1eddi gian \u0111\u1ecdc":"1 ph\u00fat"},"schema":{"@context":"https:\/\/schema.org","@graph":[{"@type":"WebPage","@id":"https:\/\/cloudycake.site\/index.php\/san-pham\/banh-ca-han-quoc\/","url":"https:\/\/cloudycake.site\/index.php\/san-pham\/banh-ca-han-quoc\/","name":"b\u00e1nh c\u00e1 h\u00e0n qu\u1ed1c - Cloudy Cake","isPartOf":{"@id":"https:\/\/cloudycake.site\/#website"},"primaryImageOfPage":{"@id":"https:\/\/cloudycake.site\/index.php\/san-pham\/banh-ca-han-quoc\/#primaryimage"},"image":{"@id":"https:\/\/cloudycake.site\/index.php\/san-pham\/banh-ca-han-quoc\/#primaryimage"},"thumbnailUrl":"https:\/\/cloudycake.site\/wp-content\/uploads\/2026\/01\/9.jpg","datePublished":"2026-01-07T04:25:20+00:00","dateModified":"2026-01-07T04:26:28+00:00","breadcrumb":{"@id":"https:\/\/cloudycake.site\/index.php\/san-pham\/banh-ca-han-quoc\/#breadcrumb"},"inLanguage":"vi","potentialAction":[{"@type":"ReadAction","target":["https:\/\/cloudycake.site\/index.php\/san-pham\/banh-ca-han-quoc\/"]}]},{"@type":"ImageObject","inLanguage":"vi","@id":"https:\/\/cloudycake.site\/index.php\/san-pham\/banh-ca-han-quoc\/#primaryimage","url":"https:\/\/cloudycake.site\/wp-content\/uploads\/2026\/01\/9.jpg","contentUrl":"https:\/\/cloudycake.site\/wp-content\/uploads\/2026\/01\/9.jpg","width":1024,"height":1024},{"@type":"BreadcrumbList","@id":"https:\/\/cloudycake.site\/index.php\/san-pham\/banh-ca-han-quoc\/#breadcrumb","itemListElement":[{"@type":"ListItem","position":1,"name":"Trang ch\u1ee7","item":"https:\/\/cloudycake.site\/"},{"@type":"ListItem","position":2,"name":"C\u1eeda h\u00e0ng cloudy cake","item":"https:\/\/cloudycake.site\/"},{"@type":"ListItem","position":3,"name":"b\u00e1nh c\u00e1 h\u00e0n qu\u1ed1c"}]},{"@type":"WebSite","@id":"https:\/\/cloudycake.site\/#website","url":"https:\/\/cloudycake.site\/","name":"Cloudy Cake","description":"","publisher":{"@id":"https:\/\/cloudycake.site\/#organization"},"potentialAction":[{"@type":"SearchAction","target":{"@type":"EntryPoint","urlTemplate":"https:\/\/cloudycake.site\/?s={search_term_string}"},"query-input":{"@type":"PropertyValueSpecification","valueRequired":true,"valueName":"search_term_string"}}],"inLanguage":"vi"},{"@type":"Organization","@id":"https:\/\/cloudycake.site\/#organization","name":"Cloudy Cake","url":"https:\/\/cloudycake.site\/","logo":{"@type":"ImageObject","inLanguage":"vi","@id":"https:\/\/cloudycake.site\/#\/schema\/logo\/image\/","url":"https:\/\/cloudycake.site\/wp-content\/uploads\/2026\/01\/cropped-logo.png","contentUrl":"https:\/\/cloudycake.site\/wp-content\/uploads\/2026\/01\/cropped-logo.png","width":222,"height":200,"caption":"Cloudy Cake"},"image":{"@id":"https:\/\/cloudycake.site\/#\/schema\/logo\/image\/"},"sameAs":["https:\/\/www.facebook.com\/share\/1CxjwCutvH\/?mibextid=wwXIfr"]}]}},"jetpack_sharing_enabled":true,"_links":{"self":[{"href":"https:\/\/cloudycake.site\/index.php\/wp-json\/wp\/v2\/product\/157","targetHints":{"allow":["GET"]}}],"collection":[{"href":"https:\/\/cloudycake.site\/index.php\/wp-json\/wp\/v2\/product"}],"about":[{"href":"https:\/\/cloudycake.site\/index.php\/wp-json\/wp\/v2\/types\/product"}],"replies":[{"embeddable":true,"href":"https:\/\/cloudycake.site\/index.php\/wp-json\/wp\/v2\/comments?post=157"}],"wp:featuredmedia":[{"embeddable":true,"href":"https:\/\/cloudycake.site\/index.php\/wp-json\/wp\/v2\/media\/158"}],"wp:attachment":[{"href":"https:\/\/cloudycake.site\/index.php\/wp-json\/wp\/v2\/media?parent=157"}],"wp:term":[{"taxonomy":"product_brand","embeddable":true,"href":"https:\/\/cloudycake.site\/index.php\/wp-json\/wp\/v2\/product_brand?post=157"},{"taxonomy":"product_cat","embeddable":true,"href":"https:\/\/cloudycake.site\/index.php\/wp-json\/wp\/v2\/product_cat?post=157"},{"taxonomy":"product_tag","embeddable":true,"href":"https:\/\/cloudycake.site\/index.php\/wp-json\/wp\/v2\/product_tag?post=157"}],"curies":[{"name":"wp","href":"https:\/\/api.w.org\/{rel}","templated":true}]}}