{"id":209,"date":"2026-01-09T04:25:16","date_gmt":"2026-01-09T04:25:16","guid":{"rendered":"https:\/\/cloudycake.site\/?post_type=product&#038;p=209"},"modified":"2026-01-09T04:25:16","modified_gmt":"2026-01-09T04:25:16","slug":"banh-chocolate-dream-cake-2","status":"publish","type":"product","link":"https:\/\/cloudycake.site\/index.php\/san-pham\/banh-chocolate-dream-cake-2\/","title":{"rendered":"B\u00e1nh Chocolate Dream Cake"},"content":{"rendered":"<h3 data-path-to-node=\"1\">M\u00f4 t\u1ea3 S\u1ea3n ph\u1ea9m: Chocolate Dream Cake (B\u00e1nh Socola Tan Ch\u1ea3y)<\/h3>\n<ul data-path-to-node=\"2\">\n<li>\n<p data-path-to-node=\"2,0,0\"><b data-path-to-node=\"2,0,0\" data-index-in-node=\"0\">K\u1ebft c\u1ea5u v\u00e0 H\u00ecnh d\u00e1ng:<\/b><\/p>\n<ul data-path-to-node=\"2,0,1\">\n<li>\n<p data-path-to-node=\"2,0,1,0,0\">B\u00e1nh \u0111\u01b0\u1ee3c tr\u00ecnh b\u00e0y trong c\u00e1c h\u0169 vu\u00f4ng hi\u1ec7n \u0111\u1ea1i, ph\u00f9 h\u1ee3p cho vi\u1ec7c v\u1eadn chuy\u1ec3n v\u00e0 th\u01b0\u1edfng th\u1ee9c t\u1ea1i ch\u1ed7.<\/p>\n<\/li>\n<li>\n<p data-path-to-node=\"2,0,1,1,0\"><b data-path-to-node=\"2,0,1,1,0\" data-index-in-node=\"0\">L\u1edbp ph\u1ee7 (Top Layer):<\/b> M\u1ed9t l\u1edbp b\u1ed9t cacao nguy\u00ean ch\u1ea5t \u0111\u01b0\u1ee3c r\u1eafc m\u1ecbn tr\u00ean b\u1ec1 m\u1eb7t, t\u1ea1o c\u1ea3m gi\u00e1c huy\u1ec1n b\u00ed v\u00e0 sang tr\u1ecdng.<\/p>\n<\/li>\n<li>\n<p data-path-to-node=\"2,0,1,2,0\"><b data-path-to-node=\"2,0,1,2,0\" data-index-in-node=\"0\">L\u1edbp nh\u00e2n (The Dream):<\/b> B\u00ean d\u01b0\u1edbi l\u00e0 l\u1edbp ganache socola m\u1ec1m m\u1ecbn, tan ch\u1ea3y, mang l\u1ea1i h\u01b0\u01a1ng v\u1ecb \u0111\u1eadm \u0111\u00e0 kh\u00f3 c\u01b0\u1ee1ng.<\/p>\n<\/li>\n<li>\n<p data-path-to-node=\"2,0,1,3,0\"><b data-path-to-node=\"2,0,1,3,0\" data-index-in-node=\"0\">C\u1ed1t b\u00e1nh:<\/b> B\u00f4ng lan socola \u1ea9m m\u01b0\u1ee3t, xen k\u1ebd v\u1edbi kem t\u01b0\u01a1i socola b\u00e9o ng\u1eady.<\/p>\n<\/li>\n<\/ul>\n<\/li>\n<li>\n<p data-path-to-node=\"2,1,0\"><b data-path-to-node=\"2,1,0\" data-index-in-node=\"0\">H\u01b0\u01a1ng v\u1ecb:<\/b><\/p>\n<ul data-path-to-node=\"2,1,1\">\n<li>\n<p data-path-to-node=\"2,1,1,0,0\">S\u1ef1 k\u1ebft h\u1ee3p ho\u00e0n h\u1ea3o gi\u1eefa v\u1ecb \u0111\u1eafng nh\u1eb9 c\u1ee7a cacao th\u01b0\u1ee3ng h\u1ea1ng v\u00e0 v\u1ecb ng\u1ecdt d\u1ecbu c\u1ee7a kem s\u1eefa.<\/p>\n<\/li>\n<li>\n<p data-path-to-node=\"2,1,1,1,0\">C\u1ea5u tr\u00fac \u0111a t\u1ea7ng gi\u00fap ng\u01b0\u1eddi \u0103n tr\u1ea3i nghi\u1ec7m nhi\u1ec1u cung b\u1eadc c\u1ea3m x\u00fac t\u1eeb gi\u00f2n, m\u1ecbn \u0111\u1ebfn tan ch\u1ea3y.<\/p>\n<\/li>\n<\/ul>\n<\/li>\n<\/ul>\n","protected":false},"excerpt":{"rendered":"<p>M\u00f4 t\u1ea3 S\u1ea3n ph\u1ea9m: Chocolate Dream Cake (B\u00e1nh Socola Tan Ch\u1ea3y) K\u1ebft c\u1ea5u v\u00e0 H\u00ecnh d\u00e1ng: B\u00e1nh \u0111\u01b0\u1ee3c tr\u00ecnh b\u00e0y trong c\u00e1c h\u0169 vu\u00f4ng hi\u1ec7n \u0111\u1ea1i, ph\u00f9 h\u1ee3p cho vi\u1ec7c v\u1eadn chuy\u1ec3n v\u00e0 th\u01b0\u1edfng th\u1ee9c t\u1ea1i ch\u1ed7. L\u1edbp ph\u1ee7 (Top Layer): M\u1ed9t l\u1edbp b\u1ed9t cacao nguy\u00ean ch\u1ea5t \u0111\u01b0\u1ee3c r\u1eafc m\u1ecbn tr\u00ean b\u1ec1 m\u1eb7t, t\u1ea1o c\u1ea3m [&hellip;]<\/p>\n","protected":false},"featured_media":210,"comment_status":"open","ping_status":"closed","template":"","meta":[],"product_brand":[],"product_cat":[18],"product_tag":[],"class_list":{"0":"post-209","1":"product","2":"type-product","3":"status-publish","4":"has-post-thumbnail","6":"product_cat-chua-phan-loai","8":"first","9":"instock","10":"sale","11":"shipping-taxable","12":"purchasable","13":"product-type-simple"},"yoast_head":"<!-- This site is optimized with the Yoast SEO plugin v26.8 - https:\/\/yoast.com\/product\/yoast-seo-wordpress\/ -->\n<title>B\u00e1nh Chocolate Dream Cake - Cloudy Cake<\/title>\n<meta name=\"robots\" content=\"index, follow, max-snippet:-1, max-image-preview:large, max-video-preview:-1\" \/>\n<link rel=\"canonical\" href=\"https:\/\/cloudycake.site\/index.php\/san-pham\/banh-chocolate-dream-cake-2\/\" \/>\n<meta property=\"og:locale\" content=\"vi_VN\" \/>\n<meta property=\"og:type\" content=\"article\" \/>\n<meta property=\"og:title\" content=\"B\u00e1nh Chocolate Dream Cake - Cloudy Cake\" \/>\n<meta property=\"og:description\" content=\"M\u00f4 t\u1ea3 S\u1ea3n ph\u1ea9m: Chocolate Dream Cake (B\u00e1nh Socola Tan Ch\u1ea3y) K\u1ebft c\u1ea5u v\u00e0 H\u00ecnh d\u00e1ng: B\u00e1nh \u0111\u01b0\u1ee3c tr\u00ecnh b\u00e0y trong c\u00e1c h\u0169 vu\u00f4ng hi\u1ec7n \u0111\u1ea1i, ph\u00f9 h\u1ee3p cho vi\u1ec7c v\u1eadn chuy\u1ec3n v\u00e0 th\u01b0\u1edfng th\u1ee9c t\u1ea1i ch\u1ed7. L\u1edbp ph\u1ee7 (Top Layer): M\u1ed9t l\u1edbp b\u1ed9t cacao nguy\u00ean ch\u1ea5t \u0111\u01b0\u1ee3c r\u1eafc m\u1ecbn tr\u00ean b\u1ec1 m\u1eb7t, t\u1ea1o c\u1ea3m [&hellip;]\" \/>\n<meta property=\"og:url\" content=\"https:\/\/cloudycake.site\/index.php\/san-pham\/banh-chocolate-dream-cake-2\/\" \/>\n<meta property=\"og:site_name\" content=\"Cloudy Cake\" \/>\n<meta property=\"article:publisher\" content=\"https:\/\/www.facebook.com\/share\/1CxjwCutvH\/?mibextid=wwXIfr\" \/>\n<meta property=\"og:image\" content=\"https:\/\/cloudycake.site\/wp-content\/uploads\/2026\/01\/z7405368231374_fe6ac0ba9c748db34620e3c498c6db79.jpg\" \/>\n\t<meta property=\"og:image:width\" content=\"1024\" \/>\n\t<meta property=\"og:image:height\" content=\"1024\" \/>\n\t<meta property=\"og:image:type\" content=\"image\/jpeg\" \/>\n<meta name=\"twitter:card\" content=\"summary_large_image\" \/>\n<meta name=\"twitter:label1\" content=\"\u01af\u1edbc t\u00ednh th\u1eddi gian \u0111\u1ecdc\" \/>\n\t<meta name=\"twitter:data1\" content=\"1 ph\u00fat\" \/>\n<script type=\"application\/ld+json\" class=\"yoast-schema-graph\">{\"@context\":\"https:\/\/schema.org\",\"@graph\":[{\"@type\":\"WebPage\",\"@id\":\"https:\/\/cloudycake.site\/index.php\/san-pham\/banh-chocolate-dream-cake-2\/\",\"url\":\"https:\/\/cloudycake.site\/index.php\/san-pham\/banh-chocolate-dream-cake-2\/\",\"name\":\"B\u00e1nh Chocolate Dream Cake - Cloudy Cake\",\"isPartOf\":{\"@id\":\"https:\/\/cloudycake.site\/#website\"},\"primaryImageOfPage\":{\"@id\":\"https:\/\/cloudycake.site\/index.php\/san-pham\/banh-chocolate-dream-cake-2\/#primaryimage\"},\"image\":{\"@id\":\"https:\/\/cloudycake.site\/index.php\/san-pham\/banh-chocolate-dream-cake-2\/#primaryimage\"},\"thumbnailUrl\":\"https:\/\/cloudycake.site\/wp-content\/uploads\/2026\/01\/z7405368231374_fe6ac0ba9c748db34620e3c498c6db79.jpg\",\"datePublished\":\"2026-01-09T04:25:16+00:00\",\"breadcrumb\":{\"@id\":\"https:\/\/cloudycake.site\/index.php\/san-pham\/banh-chocolate-dream-cake-2\/#breadcrumb\"},\"inLanguage\":\"vi\",\"potentialAction\":[{\"@type\":\"ReadAction\",\"target\":[\"https:\/\/cloudycake.site\/index.php\/san-pham\/banh-chocolate-dream-cake-2\/\"]}]},{\"@type\":\"ImageObject\",\"inLanguage\":\"vi\",\"@id\":\"https:\/\/cloudycake.site\/index.php\/san-pham\/banh-chocolate-dream-cake-2\/#primaryimage\",\"url\":\"https:\/\/cloudycake.site\/wp-content\/uploads\/2026\/01\/z7405368231374_fe6ac0ba9c748db34620e3c498c6db79.jpg\",\"contentUrl\":\"https:\/\/cloudycake.site\/wp-content\/uploads\/2026\/01\/z7405368231374_fe6ac0ba9c748db34620e3c498c6db79.jpg\",\"width\":1024,\"height\":1024},{\"@type\":\"BreadcrumbList\",\"@id\":\"https:\/\/cloudycake.site\/index.php\/san-pham\/banh-chocolate-dream-cake-2\/#breadcrumb\",\"itemListElement\":[{\"@type\":\"ListItem\",\"position\":1,\"name\":\"Trang ch\u1ee7\",\"item\":\"https:\/\/cloudycake.site\/\"},{\"@type\":\"ListItem\",\"position\":2,\"name\":\"C\u1eeda h\u00e0ng cloudy cake\",\"item\":\"https:\/\/cloudycake.site\/\"},{\"@type\":\"ListItem\",\"position\":3,\"name\":\"B\u00e1nh Chocolate Dream Cake\"}]},{\"@type\":\"WebSite\",\"@id\":\"https:\/\/cloudycake.site\/#website\",\"url\":\"https:\/\/cloudycake.site\/\",\"name\":\"Cloudy Cake\",\"description\":\"\",\"publisher\":{\"@id\":\"https:\/\/cloudycake.site\/#organization\"},\"potentialAction\":[{\"@type\":\"SearchAction\",\"target\":{\"@type\":\"EntryPoint\",\"urlTemplate\":\"https:\/\/cloudycake.site\/?s={search_term_string}\"},\"query-input\":{\"@type\":\"PropertyValueSpecification\",\"valueRequired\":true,\"valueName\":\"search_term_string\"}}],\"inLanguage\":\"vi\"},{\"@type\":\"Organization\",\"@id\":\"https:\/\/cloudycake.site\/#organization\",\"name\":\"Cloudy Cake\",\"url\":\"https:\/\/cloudycake.site\/\",\"logo\":{\"@type\":\"ImageObject\",\"inLanguage\":\"vi\",\"@id\":\"https:\/\/cloudycake.site\/#\/schema\/logo\/image\/\",\"url\":\"https:\/\/cloudycake.site\/wp-content\/uploads\/2026\/01\/cropped-logo.png\",\"contentUrl\":\"https:\/\/cloudycake.site\/wp-content\/uploads\/2026\/01\/cropped-logo.png\",\"width\":222,\"height\":200,\"caption\":\"Cloudy Cake\"},\"image\":{\"@id\":\"https:\/\/cloudycake.site\/#\/schema\/logo\/image\/\"},\"sameAs\":[\"https:\/\/www.facebook.com\/share\/1CxjwCutvH\/?mibextid=wwXIfr\"]}]}<\/script>\n<!-- \/ Yoast SEO plugin. -->","yoast_head_json":{"title":"B\u00e1nh Chocolate Dream Cake - Cloudy Cake","robots":{"index":"index","follow":"follow","max-snippet":"max-snippet:-1","max-image-preview":"max-image-preview:large","max-video-preview":"max-video-preview:-1"},"canonical":"https:\/\/cloudycake.site\/index.php\/san-pham\/banh-chocolate-dream-cake-2\/","og_locale":"vi_VN","og_type":"article","og_title":"B\u00e1nh Chocolate Dream Cake - Cloudy Cake","og_description":"M\u00f4 t\u1ea3 S\u1ea3n ph\u1ea9m: Chocolate Dream Cake (B\u00e1nh Socola Tan Ch\u1ea3y) K\u1ebft c\u1ea5u v\u00e0 H\u00ecnh d\u00e1ng: B\u00e1nh \u0111\u01b0\u1ee3c tr\u00ecnh b\u00e0y trong c\u00e1c h\u0169 vu\u00f4ng hi\u1ec7n \u0111\u1ea1i, ph\u00f9 h\u1ee3p cho vi\u1ec7c v\u1eadn chuy\u1ec3n v\u00e0 th\u01b0\u1edfng th\u1ee9c t\u1ea1i ch\u1ed7. L\u1edbp ph\u1ee7 (Top Layer): M\u1ed9t l\u1edbp b\u1ed9t cacao nguy\u00ean ch\u1ea5t \u0111\u01b0\u1ee3c r\u1eafc m\u1ecbn tr\u00ean b\u1ec1 m\u1eb7t, t\u1ea1o c\u1ea3m [&hellip;]","og_url":"https:\/\/cloudycake.site\/index.php\/san-pham\/banh-chocolate-dream-cake-2\/","og_site_name":"Cloudy Cake","article_publisher":"https:\/\/www.facebook.com\/share\/1CxjwCutvH\/?mibextid=wwXIfr","og_image":[{"width":1024,"height":1024,"url":"https:\/\/cloudycake.site\/wp-content\/uploads\/2026\/01\/z7405368231374_fe6ac0ba9c748db34620e3c498c6db79.jpg","type":"image\/jpeg"}],"twitter_card":"summary_large_image","twitter_misc":{"\u01af\u1edbc t\u00ednh th\u1eddi gian \u0111\u1ecdc":"1 ph\u00fat"},"schema":{"@context":"https:\/\/schema.org","@graph":[{"@type":"WebPage","@id":"https:\/\/cloudycake.site\/index.php\/san-pham\/banh-chocolate-dream-cake-2\/","url":"https:\/\/cloudycake.site\/index.php\/san-pham\/banh-chocolate-dream-cake-2\/","name":"B\u00e1nh Chocolate Dream Cake - Cloudy Cake","isPartOf":{"@id":"https:\/\/cloudycake.site\/#website"},"primaryImageOfPage":{"@id":"https:\/\/cloudycake.site\/index.php\/san-pham\/banh-chocolate-dream-cake-2\/#primaryimage"},"image":{"@id":"https:\/\/cloudycake.site\/index.php\/san-pham\/banh-chocolate-dream-cake-2\/#primaryimage"},"thumbnailUrl":"https:\/\/cloudycake.site\/wp-content\/uploads\/2026\/01\/z7405368231374_fe6ac0ba9c748db34620e3c498c6db79.jpg","datePublished":"2026-01-09T04:25:16+00:00","breadcrumb":{"@id":"https:\/\/cloudycake.site\/index.php\/san-pham\/banh-chocolate-dream-cake-2\/#breadcrumb"},"inLanguage":"vi","potentialAction":[{"@type":"ReadAction","target":["https:\/\/cloudycake.site\/index.php\/san-pham\/banh-chocolate-dream-cake-2\/"]}]},{"@type":"ImageObject","inLanguage":"vi","@id":"https:\/\/cloudycake.site\/index.php\/san-pham\/banh-chocolate-dream-cake-2\/#primaryimage","url":"https:\/\/cloudycake.site\/wp-content\/uploads\/2026\/01\/z7405368231374_fe6ac0ba9c748db34620e3c498c6db79.jpg","contentUrl":"https:\/\/cloudycake.site\/wp-content\/uploads\/2026\/01\/z7405368231374_fe6ac0ba9c748db34620e3c498c6db79.jpg","width":1024,"height":1024},{"@type":"BreadcrumbList","@id":"https:\/\/cloudycake.site\/index.php\/san-pham\/banh-chocolate-dream-cake-2\/#breadcrumb","itemListElement":[{"@type":"ListItem","position":1,"name":"Trang ch\u1ee7","item":"https:\/\/cloudycake.site\/"},{"@type":"ListItem","position":2,"name":"C\u1eeda h\u00e0ng cloudy cake","item":"https:\/\/cloudycake.site\/"},{"@type":"ListItem","position":3,"name":"B\u00e1nh Chocolate Dream Cake"}]},{"@type":"WebSite","@id":"https:\/\/cloudycake.site\/#website","url":"https:\/\/cloudycake.site\/","name":"Cloudy Cake","description":"","publisher":{"@id":"https:\/\/cloudycake.site\/#organization"},"potentialAction":[{"@type":"SearchAction","target":{"@type":"EntryPoint","urlTemplate":"https:\/\/cloudycake.site\/?s={search_term_string}"},"query-input":{"@type":"PropertyValueSpecification","valueRequired":true,"valueName":"search_term_string"}}],"inLanguage":"vi"},{"@type":"Organization","@id":"https:\/\/cloudycake.site\/#organization","name":"Cloudy Cake","url":"https:\/\/cloudycake.site\/","logo":{"@type":"ImageObject","inLanguage":"vi","@id":"https:\/\/cloudycake.site\/#\/schema\/logo\/image\/","url":"https:\/\/cloudycake.site\/wp-content\/uploads\/2026\/01\/cropped-logo.png","contentUrl":"https:\/\/cloudycake.site\/wp-content\/uploads\/2026\/01\/cropped-logo.png","width":222,"height":200,"caption":"Cloudy Cake"},"image":{"@id":"https:\/\/cloudycake.site\/#\/schema\/logo\/image\/"},"sameAs":["https:\/\/www.facebook.com\/share\/1CxjwCutvH\/?mibextid=wwXIfr"]}]}},"jetpack_sharing_enabled":true,"_links":{"self":[{"href":"https:\/\/cloudycake.site\/index.php\/wp-json\/wp\/v2\/product\/209","targetHints":{"allow":["GET"]}}],"collection":[{"href":"https:\/\/cloudycake.site\/index.php\/wp-json\/wp\/v2\/product"}],"about":[{"href":"https:\/\/cloudycake.site\/index.php\/wp-json\/wp\/v2\/types\/product"}],"replies":[{"embeddable":true,"href":"https:\/\/cloudycake.site\/index.php\/wp-json\/wp\/v2\/comments?post=209"}],"wp:featuredmedia":[{"embeddable":true,"href":"https:\/\/cloudycake.site\/index.php\/wp-json\/wp\/v2\/media\/210"}],"wp:attachment":[{"href":"https:\/\/cloudycake.site\/index.php\/wp-json\/wp\/v2\/media?parent=209"}],"wp:term":[{"taxonomy":"product_brand","embeddable":true,"href":"https:\/\/cloudycake.site\/index.php\/wp-json\/wp\/v2\/product_brand?post=209"},{"taxonomy":"product_cat","embeddable":true,"href":"https:\/\/cloudycake.site\/index.php\/wp-json\/wp\/v2\/product_cat?post=209"},{"taxonomy":"product_tag","embeddable":true,"href":"https:\/\/cloudycake.site\/index.php\/wp-json\/wp\/v2\/product_tag?post=209"}],"curies":[{"name":"wp","href":"https:\/\/api.w.org\/{rel}","templated":true}]}}